{"id":2911,"date":"2024-03-20T11:46:19","date_gmt":"2024-03-20T10:46:19","guid":{"rendered":"https:\/\/smarttexhub.com\/techtextil-2024\/"},"modified":"2024-12-18T10:04:49","modified_gmt":"2024-12-18T09:04:49","slug":"elektronische-textilien-auf-der-techtextil-2024","status":"publish","type":"page","link":"https:\/\/smarttexhub.com\/de\/elektronische-textilien-auf-der-techtextil-2024\/","title":{"rendered":"Techtextil 2024"},"content":{"rendered":"\t\t<div data-elementor-type=\"wp-page\" data-elementor-id=\"2911\" class=\"elementor elementor-2911 elementor-2884\" data-elementor-post-type=\"page\">\n\t\t\t\t<div class=\"elementor-element elementor-element-3d3233e9 e-con-full e-flex e-con e-parent\" data-id=\"3d3233e9\" data-element_type=\"container\" data-e-type=\"container\" data-settings=\"{&quot;background_background&quot;:&quot;classic&quot;}\">\n\t\t<div class=\"elementor-element elementor-element-257c0679 e-con-full e-flex e-con e-child\" data-id=\"257c0679\" data-element_type=\"container\" data-e-type=\"container\" data-settings=\"{&quot;background_background&quot;:&quot;classic&quot;,&quot;motion_fx_motion_fx_scrolling&quot;:&quot;yes&quot;,&quot;motion_fx_translateX_effect&quot;:&quot;yes&quot;,&quot;motion_fx_translateX_speed&quot;:{&quot;unit&quot;:&quot;px&quot;,&quot;size&quot;:1,&quot;sizes&quot;:[]},&quot;motion_fx_devices&quot;:[&quot;desktop&quot;,&quot;tablet&quot;],&quot;motion_fx_translateX_affectedRange&quot;:{&quot;unit&quot;:&quot;%&quot;,&quot;size&quot;:&quot;&quot;,&quot;sizes&quot;:{&quot;start&quot;:0,&quot;end&quot;:100}}}\">\n\t\t<div class=\"elementor-element elementor-element-e1a7808 e-con-full e-flex e-con e-child\" data-id=\"e1a7808\" data-element_type=\"container\" data-e-type=\"container\" data-settings=\"{&quot;background_background&quot;:&quot;classic&quot;}\">\n\t\t\t\t<\/div>\n\t\t<div class=\"elementor-element elementor-element-47a0dd95 e-flex e-con-boxed e-con e-child\" data-id=\"47a0dd95\" data-element_type=\"container\" data-e-type=\"container\">\n\t\t\t\t\t<div class=\"e-con-inner\">\n\t\t<div class=\"elementor-element elementor-element-7a5c0c8 e-con-full e-flex e-con e-child\" data-id=\"7a5c0c8\" data-element_type=\"container\" data-e-type=\"container\">\n\t\t\t\t<div class=\"elementor-element elementor-element-5f7080b3 elementor-widget__width-inherit elementor-widget elementor-widget-heading\" data-id=\"5f7080b3\" data-element_type=\"widget\" data-e-type=\"widget\" data-widget_type=\"heading.default\">\n\t\t\t\t<div class=\"elementor-widget-container\">\n\t\t\t\t\t<h2 class=\"elementor-heading-title elementor-size-default\">Besuchen Sie uns auf der Techtextil 2024!<\/h2>\t\t\t\t<\/div>\n\t\t\t\t<\/div>\n\t\t\t\t<div class=\"elementor-element elementor-element-bb1031a elementor-widget elementor-widget-heading\" data-id=\"bb1031a\" data-element_type=\"widget\" data-e-type=\"widget\" data-widget_type=\"heading.default\">\n\t\t\t\t<div class=\"elementor-widget-container\">\n\t\t\t\t\t<p class=\"elementor-heading-title elementor-size-default\"><a href=\"https:\/\/smarttexhub.com\/de\/portfolio\/\">Einen Termin anfragen<\/a><\/p>\t\t\t\t<\/div>\n\t\t\t\t<\/div>\n\t\t\t\t<div class=\"elementor-element elementor-element-d4b7565 elementor-widget__width-auto elementor-hidden-tablet elementor-hidden-mobile elementor-widget elementor-widget-button\" data-id=\"d4b7565\" data-element_type=\"widget\" data-e-type=\"widget\" data-widget_type=\"button.default\">\n\t\t\t\t<div class=\"elementor-widget-container\">\n\t\t\t\t\t\t\t\t\t<div class=\"elementor-button-wrapper\">\n\t\t\t\t\t<a class=\"elementor-button elementor-button-link elementor-size-sm\" href=\"https:\/\/smarttexhub.com\/de\/portfolio\/\">\n\t\t\t\t\t\t<span class=\"elementor-button-content-wrapper\">\n\t\t\t\t\t\t<span class=\"elementor-button-icon\">\n\t\t\t\t<svg xmlns=\"http:\/\/www.w3.org\/2000\/svg\" xmlns:xlink=\"http:\/\/www.w3.org\/1999\/xlink\" id=\"Gruppe_2\" x=\"0px\" y=\"0px\" viewBox=\"0 0 15.7 12.4\" style=\"enable-background:new 0 0 15.7 12.4;\" xml:space=\"preserve\"><polygon points=\"9.4,0.1 8.7,0.8 13.5,5.7 0,5.7 0,6.7 13.5,6.7 8.7,11.5 9.4,12.2 15.4,6.2 \"><\/polygon><\/svg>\t\t\t<\/span>\n\t\t\t\t\t\t\t\t<\/span>\n\t\t\t\t\t<\/a>\n\t\t\t\t<\/div>\n\t\t\t\t\t\t\t\t<\/div>\n\t\t\t\t<\/div>\n\t\t\t\t<\/div>\n\t\t\t\t<div class=\"elementor-element elementor-element-7e84b951 elementor-widget elementor-widget-heading\" data-id=\"7e84b951\" data-element_type=\"widget\" data-e-type=\"widget\" data-widget_type=\"heading.default\">\n\t\t\t\t<div class=\"elementor-widget-container\">\n\t\t\t\t\t<h2 class=\"elementor-heading-title elementor-size-default\">Halle 11.1<br>\nStand C47A<\/h2>\t\t\t\t<\/div>\n\t\t\t\t<\/div>\n\t\t\t\t\t<\/div>\n\t\t\t\t<\/div>\n\t\t\t\t<\/div>\n\t\t<div class=\"elementor-element elementor-element-16e5cd6 e-con-full e-flex e-con e-child\" data-id=\"16e5cd6\" data-element_type=\"container\" data-e-type=\"container\" data-settings=\"{&quot;background_background&quot;:&quot;classic&quot;}\">\n\t\t\t\t<\/div>\n\t\t\t\t<\/div>\n\t\t<div class=\"elementor-element elementor-element-ead7167 e-flex e-con-boxed e-con e-parent\" data-id=\"ead7167\" data-element_type=\"container\" data-e-type=\"container\">\n\t\t\t\t\t<div class=\"e-con-inner\">\n\t\t\t\t<div class=\"elementor-element elementor-element-f3f15d0 elementor-widget elementor-widget-heading\" data-id=\"f3f15d0\" data-element_type=\"widget\" data-e-type=\"widget\" data-settings=\"{&quot;motion_fx_motion_fx_scrolling&quot;:&quot;yes&quot;,&quot;motion_fx_opacity_effect&quot;:&quot;yes&quot;,&quot;motion_fx_opacity_range&quot;:{&quot;unit&quot;:&quot;%&quot;,&quot;size&quot;:&quot;&quot;,&quot;sizes&quot;:{&quot;start&quot;:10,&quot;end&quot;:30}},&quot;motion_fx_opacity_direction&quot;:&quot;out-in&quot;,&quot;motion_fx_opacity_level&quot;:{&quot;unit&quot;:&quot;px&quot;,&quot;size&quot;:10,&quot;sizes&quot;:[]},&quot;motion_fx_devices&quot;:[&quot;desktop&quot;,&quot;tablet&quot;,&quot;mobile&quot;]}\" data-widget_type=\"heading.default\">\n\t\t\t\t<div class=\"elementor-widget-container\">\n\t\t\t\t\t<h2 class=\"elementor-heading-title elementor-size-default\">Lernen Sie uns auf der Techtextil 2024 in Frankfurt kennen!<\/h2>\t\t\t\t<\/div>\n\t\t\t\t<\/div>\n\t\t\t\t<div class=\"elementor-element elementor-element-8a6d6f9 elementor-widget__width-initial elementor-widget elementor-widget-heading\" data-id=\"8a6d6f9\" data-element_type=\"widget\" data-e-type=\"widget\" data-settings=\"{&quot;motion_fx_motion_fx_scrolling&quot;:&quot;yes&quot;,&quot;motion_fx_opacity_effect&quot;:&quot;yes&quot;,&quot;motion_fx_opacity_range&quot;:{&quot;unit&quot;:&quot;%&quot;,&quot;size&quot;:&quot;&quot;,&quot;sizes&quot;:{&quot;start&quot;:10,&quot;end&quot;:30}},&quot;motion_fx_opacity_direction&quot;:&quot;out-in&quot;,&quot;motion_fx_opacity_level&quot;:{&quot;unit&quot;:&quot;px&quot;,&quot;size&quot;:10,&quot;sizes&quot;:[]},&quot;motion_fx_devices&quot;:[&quot;desktop&quot;,&quot;tablet&quot;,&quot;mobile&quot;]}\" data-widget_type=\"heading.default\">\n\t\t\t\t<div class=\"elementor-widget-container\">\n\t\t\t\t\t<h3 class=\"elementor-heading-title elementor-size-default\">Sie finden uns, zusammen mit unserer Schwesterfirma <b>Born GmbH<\/b>, in Halle 11.1, Stand C47A. Mit dem unten stehenden Formular k\u00f6nnen Sie Ihren Besuch planen. Auf diese Weise k\u00f6nnen wir sicherstellen, dass wir f\u00fcr Sie da sind!<\/h3>\t\t\t\t<\/div>\n\t\t\t\t<\/div>\n\t\t\t\t\t<\/div>\n\t\t\t\t<\/div>\n\t\t<div class=\"elementor-element elementor-element-e66724c e-flex e-con-boxed e-con e-parent\" data-id=\"e66724c\" data-element_type=\"container\" data-e-type=\"container\" id=\"form\">\n\t\t\t\t\t<div class=\"e-con-inner\">\n\t\t<div class=\"elementor-element elementor-element-c92db50 e-flex e-con-boxed e-con e-child\" data-id=\"c92db50\" data-element_type=\"container\" data-e-type=\"container\" data-settings=\"{&quot;background_background&quot;:&quot;classic&quot;}\">\n\t\t\t\t\t<div class=\"e-con-inner\">\n\t\t\t\t<div class=\"elementor-element elementor-element-f849048 elementor-widget elementor-widget-heading\" data-id=\"f849048\" data-element_type=\"widget\" data-e-type=\"widget\" data-widget_type=\"heading.default\">\n\t\t\t\t<div class=\"elementor-widget-container\">\n\t\t\t\t\t<h3 class=\"elementor-heading-title elementor-size-default\">Einen Termin anfragen<\/h3>\t\t\t\t<\/div>\n\t\t\t\t<\/div>\n\t\t\t\t<div class=\"elementor-element elementor-element-3e7bd57 elementor-button-align-end elementor-mobile-button-align-stretch elementor-widget elementor-widget-form\" data-id=\"3e7bd57\" data-element_type=\"widget\" data-e-type=\"widget\" data-settings=\"{&quot;button_width&quot;:&quot;50&quot;,&quot;step_next_label&quot;:&quot;Weiter&quot;,&quot;step_previous_label&quot;:&quot;Vorherige&quot;,&quot;step_type&quot;:&quot;number_text&quot;,&quot;step_icon_shape&quot;:&quot;circle&quot;}\" data-widget_type=\"form.default\">\n\t\t\t\t<div class=\"elementor-widget-container\">\n\t\t\t\t\t\t\t<form class=\"elementor-form\" method=\"post\" name=\"Neue Form\" aria-label=\"Neue Form\">\n\t\t\t<input type=\"hidden\" name=\"post_id\" value=\"2911\"\/>\n\t\t\t<input type=\"hidden\" name=\"form_id\" value=\"3e7bd57\"\/>\n\t\t\t<input type=\"hidden\" name=\"referer_title\" value=\"Techtextil 2024 - smart textiles hub\" \/>\n\n\t\t\t\t\t\t\t<input type=\"hidden\" name=\"queried_id\" value=\"2911\"\/>\n\t\t\t\n\t\t\t<div class=\"elementor-form-fields-wrapper elementor-labels-above\">\n\t\t\t\t\t\t\t\t<div class=\"elementor-field-type-text elementor-field-group elementor-column elementor-field-group-company elementor-col-50\">\n\t\t\t\t\t\t\t\t\t\t\t\t<label for=\"form-field-company\" class=\"elementor-field-label\">\n\t\t\t\t\t\t\t\tIhr Unternehmen oder Ihre Organisation\t\t\t\t\t\t\t<\/label>\n\t\t\t\t\t\t\t\t\t\t\t\t\t\t<input size=\"1\" type=\"text\" name=\"form_fields[company]\" id=\"form-field-company\" class=\"elementor-field elementor-size-sm  elementor-field-textual\" placeholder=\"Doe Awesome Textile Inc.\">\n\t\t\t\t\t\t\t\t\t\t\t<\/div>\n\t\t\t\t\t\t\t\t<div class=\"elementor-field-type-select elementor-field-group elementor-column elementor-field-group-zweck elementor-col-50\">\n\t\t\t\t\t\t\t\t\t\t\t\t<label for=\"form-field-zweck\" class=\"elementor-field-label\">\n\t\t\t\t\t\t\t\tIhr Interesse an uns\t\t\t\t\t\t\t<\/label>\n\t\t\t\t\t\t\t\t<div class=\"elementor-field elementor-select-wrapper remove-before \">\n\t\t\t<div class=\"select-caret-down-wrapper\">\n\t\t\t\t<svg aria-hidden=\"true\" class=\"e-font-icon-svg e-eicon-caret-down\" viewBox=\"0 0 571.4 571.4\" xmlns=\"http:\/\/www.w3.org\/2000\/svg\"><path d=\"M571 393Q571 407 561 418L311 668Q300 679 286 679T261 668L11 418Q0 407 0 393T11 368 36 357H536Q550 357 561 368T571 393Z\"><\/path><\/svg>\t\t\t<\/div>\n\t\t\t<select name=\"form_fields[zweck]\" id=\"form-field-zweck\" class=\"elementor-field-textual elementor-size-sm\">\n\t\t\t\t\t\t\t\t\t<option value=\"Lernen Sie uns kennen\">Lernen Sie uns kennen<\/option>\n\t\t\t\t\t\t\t\t\t<option value=\"Kunde\/Projektpartner\">Kunde\/Projektpartner<\/option>\n\t\t\t\t\t\t\t\t\t<option value=\"Presse (bitte unten angeben)\">Presse (bitte unten angeben)<\/option>\n\t\t\t\t\t\t\t\t\t<option value=\"Sonstiges (bitte unten angeben)\">Sonstiges (bitte unten angeben)<\/option>\n\t\t\t\t\t\t\t<\/select>\n\t\t<\/div>\n\t\t\t\t\t\t<\/div>\n\t\t\t\t\t\t\t\t<div class=\"elementor-field-type-text elementor-field-group elementor-column elementor-field-group-vorname elementor-col-25 elementor-md-50 elementor-field-required elementor-mark-required\">\n\t\t\t\t\t\t\t\t\t\t\t\t<label for=\"form-field-vorname\" class=\"elementor-field-label\">\n\t\t\t\t\t\t\t\tVorname\t\t\t\t\t\t\t<\/label>\n\t\t\t\t\t\t\t\t\t\t\t\t\t\t<input size=\"1\" type=\"text\" name=\"form_fields[vorname]\" id=\"form-field-vorname\" class=\"elementor-field elementor-size-sm  elementor-field-textual\" placeholder=\"John\" required=\"required\">\n\t\t\t\t\t\t\t\t\t\t\t<\/div>\n\t\t\t\t\t\t\t\t<div class=\"elementor-field-type-text elementor-field-group elementor-column elementor-field-group-nachname elementor-col-25 elementor-md-50 elementor-field-required elementor-mark-required\">\n\t\t\t\t\t\t\t\t\t\t\t\t<label for=\"form-field-nachname\" class=\"elementor-field-label\">\n\t\t\t\t\t\t\t\tNachname\t\t\t\t\t\t\t<\/label>\n\t\t\t\t\t\t\t\t\t\t\t\t\t\t<input size=\"1\" type=\"text\" name=\"form_fields[nachname]\" id=\"form-field-nachname\" class=\"elementor-field elementor-size-sm  elementor-field-textual\" placeholder=\"Doe\" required=\"required\">\n\t\t\t\t\t\t\t\t\t\t\t<\/div>\n\t\t\t\t\t\t\t\t<div class=\"elementor-field-type-email elementor-field-group elementor-column elementor-field-group-email elementor-col-25 elementor-md-50 elementor-field-required elementor-mark-required\">\n\t\t\t\t\t\t\t\t\t\t\t\t<label for=\"form-field-email\" class=\"elementor-field-label\">\n\t\t\t\t\t\t\t\tDeine E-Mail\t\t\t\t\t\t\t<\/label>\n\t\t\t\t\t\t\t\t\t\t\t\t\t\t<input size=\"1\" type=\"email\" name=\"form_fields[email]\" id=\"form-field-email\" class=\"elementor-field elementor-size-sm  elementor-field-textual\" placeholder=\"john_doe@mail.com\" required=\"required\">\n\t\t\t\t\t\t\t\t\t\t\t<\/div>\n\t\t\t\t\t\t\t\t<div class=\"elementor-field-type-tel elementor-field-group elementor-column elementor-field-group-phone elementor-col-25 elementor-md-50\">\n\t\t\t\t\t\t\t\t\t\t\t\t<label for=\"form-field-phone\" class=\"elementor-field-label\">\n\t\t\t\t\t\t\t\tMobiltelefon\t\t\t\t\t\t\t<\/label>\n\t\t\t\t\t\t\t\t<input size=\"1\" type=\"tel\" name=\"form_fields[phone]\" id=\"form-field-phone\" class=\"elementor-field elementor-size-sm  elementor-field-textual\" placeholder=\"01123456789\" pattern=\"[0-9()#&amp;+*-=.]+\" title=\"Nur Nummern oder Telefon-Zeichen (#, -, *, etc) werden akzeptiert.\">\n\n\t\t\t\t\t\t<\/div>\n\t\t\t\t\t\t\t\t<div class=\"elementor-field-type-select elementor-field-group elementor-column elementor-field-group-tag elementor-col-50 elementor-field-required elementor-mark-required\">\n\t\t\t\t\t\t\t\t\t\t\t\t<label for=\"form-field-tag\" class=\"elementor-field-label\">\n\t\t\t\t\t\t\t\tTag\t\t\t\t\t\t\t<\/label>\n\t\t\t\t\t\t\t\t<div class=\"elementor-field elementor-select-wrapper remove-before \">\n\t\t\t<div class=\"select-caret-down-wrapper\">\n\t\t\t\t<svg aria-hidden=\"true\" class=\"e-font-icon-svg e-eicon-caret-down\" viewBox=\"0 0 571.4 571.4\" xmlns=\"http:\/\/www.w3.org\/2000\/svg\"><path d=\"M571 393Q571 407 561 418L311 668Q300 679 286 679T261 668L11 418Q0 407 0 393T11 368 36 357H536Q550 357 561 368T571 393Z\"><\/path><\/svg>\t\t\t<\/div>\n\t\t\t<select name=\"form_fields[tag]\" id=\"form-field-tag\" class=\"elementor-field-textual elementor-size-sm\" required=\"required\">\n\t\t\t\t\t\t\t\t\t<option value=\"kein bestimmtes Datum\">kein bestimmtes Datum<\/option>\n\t\t\t\t\t\t\t\t\t<option value=\"23.06.2024 (Di)\">23.06.2024 (Di)<\/option>\n\t\t\t\t\t\t\t\t\t<option value=\"24.06.2024 (Mi)\">24.06.2024 (Mi)<\/option>\n\t\t\t\t\t\t\t\t\t<option value=\"25.06.2024 (Do)\">25.06.2024 (Do)<\/option>\n\t\t\t\t\t\t\t\t\t<option value=\"26.06.2024 (Fr)\">26.06.2024 (Fr)<\/option>\n\t\t\t\t\t\t\t<\/select>\n\t\t<\/div>\n\t\t\t\t\t\t<\/div>\n\t\t\t\t\t\t\t\t<div class=\"elementor-field-type-select elementor-field-group elementor-column elementor-field-group-uhrzeit elementor-col-50\">\n\t\t\t\t\t\t\t\t\t\t\t\t<label for=\"form-field-uhrzeit\" class=\"elementor-field-label\">\n\t\t\t\t\t\t\t\tZeitschlitz\t\t\t\t\t\t\t<\/label>\n\t\t\t\t\t\t\t\t<div class=\"elementor-field elementor-select-wrapper remove-before \">\n\t\t\t<div class=\"select-caret-down-wrapper\">\n\t\t\t\t<svg aria-hidden=\"true\" class=\"e-font-icon-svg e-eicon-caret-down\" viewBox=\"0 0 571.4 571.4\" xmlns=\"http:\/\/www.w3.org\/2000\/svg\"><path d=\"M571 393Q571 407 561 418L311 668Q300 679 286 679T261 668L11 418Q0 407 0 393T11 368 36 357H536Q550 357 561 368T571 393Z\"><\/path><\/svg>\t\t\t<\/div>\n\t\t\t<select name=\"form_fields[uhrzeit]\" id=\"form-field-uhrzeit\" class=\"elementor-field-textual elementor-size-sm\">\n\t\t\t\t\t\t\t\t\t<option value=\"09:00\">09:00<\/option>\n\t\t\t\t\t\t\t\t\t<option value=\"09:30\">09:30<\/option>\n\t\t\t\t\t\t\t\t\t<option value=\"10:00\">10:00<\/option>\n\t\t\t\t\t\t\t\t\t<option value=\"10:30\">10:30<\/option>\n\t\t\t\t\t\t\t\t\t<option value=\"11:00\">11:00<\/option>\n\t\t\t\t\t\t\t\t\t<option value=\"11:30\">11:30<\/option>\n\t\t\t\t\t\t\t\t\t<option value=\"12:00\">12:00<\/option>\n\t\t\t\t\t\t\t\t\t<option value=\"12:30\">12:30<\/option>\n\t\t\t\t\t\t\t\t\t<option value=\"13:00\">13:00<\/option>\n\t\t\t\t\t\t\t\t\t<option value=\"13:30\">13:30<\/option>\n\t\t\t\t\t\t\t\t\t<option value=\"14:00\">14:00<\/option>\n\t\t\t\t\t\t\t\t\t<option value=\"14:30\">14:30<\/option>\n\t\t\t\t\t\t\t\t\t<option value=\"15:00\">15:00<\/option>\n\t\t\t\t\t\t\t\t\t<option value=\"15:30\">15:30<\/option>\n\t\t\t\t\t\t\t\t\t<option value=\"16:00\">16:00<\/option>\n\t\t\t\t\t\t\t\t\t<option value=\"16:30\">16:30<\/option>\n\t\t\t\t\t\t\t\t\t<option value=\"17:00\">17:00<\/option>\n\t\t\t\t\t\t\t\t\t<option value=\"17:30\">17:30<\/option>\n\t\t\t\t\t\t\t<\/select>\n\t\t<\/div>\n\t\t\t\t\t\t<\/div>\n\t\t\t\t\t\t\t\t<div class=\"elementor-field-type-textarea elementor-field-group elementor-column elementor-field-group-nachricht elementor-col-100\">\n\t\t\t\t\t\t\t\t\t\t\t\t<label for=\"form-field-nachricht\" class=\"elementor-field-label\">\n\t\t\t\t\t\t\t\tIhre Nachricht\t\t\t\t\t\t\t<\/label>\n\t\t\t\t\t\t<textarea class=\"elementor-field-textual elementor-field  elementor-size-sm\" name=\"form_fields[nachricht]\" id=\"form-field-nachricht\" rows=\"4\" placeholder=\"Ihre Nachricht\"><\/textarea>\t\t\t\t<\/div>\n\t\t\t\t\t\t\t\t<div class=\"elementor-field-type-html elementor-field-group elementor-column elementor-field-group-field_a67360d elementor-col-50\">\n\t\t\t\t\t<p>Wir werden Ihre Daten nur in \u00dcbereinstimmung mit unserer <a href=\"https:\/\/smarttexhub.com\/de\/datenschutz\/\" target=\"_blank\">Datenschutzrichtlinie<\/a> verwenden.<\/p>\t\t\t\t<\/div>\n\t\t\t\t\t\t\t\t<div class=\"elementor-field-group elementor-column elementor-field-type-submit elementor-col-50 e-form__buttons\">\n\t\t\t\t\t<button class=\"elementor-button elementor-size-sm\" type=\"submit\">\n\t\t\t\t\t\t<span class=\"elementor-button-content-wrapper\">\n\t\t\t\t\t\t\t\t\t\t\t\t\t\t\t<span class=\"elementor-button-icon\">\n\t\t\t\t\t\t\t\t\t<svg xmlns=\"http:\/\/www.w3.org\/2000\/svg\" xmlns:xlink=\"http:\/\/www.w3.org\/1999\/xlink\" id=\"Gruppe_2\" x=\"0px\" y=\"0px\" viewBox=\"0 0 15.7 12.4\" style=\"enable-background:new 0 0 15.7 12.4;\" xml:space=\"preserve\"><polygon points=\"9.4,0.1 8.7,0.8 13.5,5.7 0,5.7 0,6.7 13.5,6.7 8.7,11.5 9.4,12.2 15.4,6.2 \"><\/polygon><\/svg>\t\t\t\t\t\t\t\t\t\t\t\t\t\t\t\t\t<\/span>\n\t\t\t\t\t\t\t\t\t\t\t\t\t\t\t\t\t\t\t\t\t\t<span class=\"elementor-button-text\">Anfrage<\/span>\n\t\t\t\t\t\t\t\t\t\t\t\t\t<\/span>\n\t\t\t\t\t<\/button>\n\t\t\t\t<\/div>\n\t\t\t<\/div>\n\t\t<\/form>\n\t\t\t\t\t\t<\/div>\n\t\t\t\t<\/div>\n\t\t\t\t\t<\/div>\n\t\t\t\t<\/div>\n\t\t\t\t\t<\/div>\n\t\t\t\t<\/div>\n\t\t\t\t<\/div>\n\t\t","protected":false},"excerpt":{"rendered":"<p>Besuchen Sie uns auf der Techtextil 2024! Lernen Sie uns auf der diesj\u00e4hrigen Techtextil-Messe in Frankfurt kennen! Sie finden uns in Halle 11.1, Los C47A. Mit dem untenstehenden Formular k\u00f6nnen Sie Ihren Besuch planen. Auf diese Weise k\u00f6nnen wir sicherstellen, dass wir f\u00fcr Sie da sind! [cf7form cf7key=&#8220;messe&#8220;]<\/p>\n","protected":false},"author":5,"featured_media":0,"parent":0,"menu_order":0,"comment_status":"closed","ping_status":"closed","template":"","meta":{"footnotes":""},"class_list":["post-2911","page","type-page","status-publish","hentry"],"yoast_head":"<!-- This site is optimized with the Yoast SEO plugin v27.1.1 - https:\/\/yoast.com\/product\/yoast-seo-wordpress\/ -->\n<title>Techtextil 2024 - smart textiles hub<\/title>\n<meta name=\"robots\" content=\"index, follow, max-snippet:-1, max-image-preview:large, max-video-preview:-1\" \/>\n<link rel=\"canonical\" href=\"https:\/\/smarttexhub.com\/de\/elektronische-textilien-auf-der-techtextil-2024\/\" \/>\n<meta property=\"og:locale\" content=\"de_DE\" \/>\n<meta property=\"og:type\" content=\"article\" \/>\n<meta property=\"og:title\" content=\"Techtextil 2024 - smart textiles hub\" \/>\n<meta property=\"og:description\" content=\"Besuchen Sie uns auf der Techtextil 2024! Lernen Sie uns auf der diesj\u00e4hrigen Techtextil-Messe in Frankfurt kennen! Sie finden uns in Halle 11.1, Los C47A. Mit dem untenstehenden Formular k\u00f6nnen Sie Ihren Besuch planen. Auf diese Weise k\u00f6nnen wir sicherstellen, dass wir f\u00fcr Sie da sind! [cf7form cf7key=&#8220;messe&#8220;]\" \/>\n<meta property=\"og:url\" content=\"https:\/\/smarttexhub.com\/de\/elektronische-textilien-auf-der-techtextil-2024\/\" \/>\n<meta property=\"og:site_name\" content=\"smart textiles hub\" \/>\n<meta property=\"article:modified_time\" content=\"2024-12-18T09:04:49+00:00\" \/>\n<meta name=\"twitter:card\" content=\"summary_large_image\" \/>\n<script type=\"application\/ld+json\" class=\"yoast-schema-graph\">{\"@context\":\"https:\/\/schema.org\",\"@graph\":[{\"@type\":\"WebPage\",\"@id\":\"https:\/\/smarttexhub.com\/de\/elektronische-textilien-auf-der-techtextil-2024\/\",\"url\":\"https:\/\/smarttexhub.com\/de\/elektronische-textilien-auf-der-techtextil-2024\/\",\"name\":\"Techtextil 2024 - smart textiles hub\",\"isPartOf\":{\"@id\":\"https:\/\/smarttexhub.com\/de\/#website\"},\"datePublished\":\"2024-03-20T10:46:19+00:00\",\"dateModified\":\"2024-12-18T09:04:49+00:00\",\"breadcrumb\":{\"@id\":\"https:\/\/smarttexhub.com\/de\/elektronische-textilien-auf-der-techtextil-2024\/#breadcrumb\"},\"inLanguage\":\"de\",\"potentialAction\":[{\"@type\":\"ReadAction\",\"target\":[\"https:\/\/smarttexhub.com\/de\/elektronische-textilien-auf-der-techtextil-2024\/\"]}]},{\"@type\":\"BreadcrumbList\",\"@id\":\"https:\/\/smarttexhub.com\/de\/elektronische-textilien-auf-der-techtextil-2024\/#breadcrumb\",\"itemListElement\":[{\"@type\":\"ListItem\",\"position\":1,\"name\":\"Startseite\",\"item\":\"https:\/\/smarttexhub.com\/de\/\"},{\"@type\":\"ListItem\",\"position\":2,\"name\":\"Techtextil 2024\"}]},{\"@type\":\"WebSite\",\"@id\":\"https:\/\/smarttexhub.com\/de\/#website\",\"url\":\"https:\/\/smarttexhub.com\/de\/\",\"name\":\"smart textiles hub\",\"description\":\"Developing textile intelligence\",\"publisher\":{\"@id\":\"https:\/\/smarttexhub.com\/de\/#organization\"},\"potentialAction\":[{\"@type\":\"SearchAction\",\"target\":{\"@type\":\"EntryPoint\",\"urlTemplate\":\"https:\/\/smarttexhub.com\/de\/?s={search_term_string}\"},\"query-input\":{\"@type\":\"PropertyValueSpecification\",\"valueRequired\":true,\"valueName\":\"search_term_string\"}}],\"inLanguage\":\"de\"},{\"@type\":\"Organization\",\"@id\":\"https:\/\/smarttexhub.com\/de\/#organization\",\"name\":\"smart textiles hub\",\"url\":\"https:\/\/smarttexhub.com\/de\/\",\"logo\":{\"@type\":\"ImageObject\",\"inLanguage\":\"de\",\"@id\":\"https:\/\/smarttexhub.com\/de\/#\/schema\/logo\/image\/\",\"url\":\"https:\/\/smarttexhub.com\/wp-content\/uploads\/2024\/01\/sth-signet.svg\",\"contentUrl\":\"https:\/\/smarttexhub.com\/wp-content\/uploads\/2024\/01\/sth-signet.svg\",\"width\":130,\"height\":70,\"caption\":\"smart textiles hub\"},\"image\":{\"@id\":\"https:\/\/smarttexhub.com\/de\/#\/schema\/logo\/image\/\"}}]}<\/script>\n<!-- \/ Yoast SEO plugin. -->","yoast_head_json":{"title":"Techtextil 2024 - smart textiles hub","robots":{"index":"index","follow":"follow","max-snippet":"max-snippet:-1","max-image-preview":"max-image-preview:large","max-video-preview":"max-video-preview:-1"},"canonical":"https:\/\/smarttexhub.com\/de\/elektronische-textilien-auf-der-techtextil-2024\/","og_locale":"de_DE","og_type":"article","og_title":"Techtextil 2024 - smart textiles hub","og_description":"Besuchen Sie uns auf der Techtextil 2024! Lernen Sie uns auf der diesj\u00e4hrigen Techtextil-Messe in Frankfurt kennen! Sie finden uns in Halle 11.1, Los C47A. Mit dem untenstehenden Formular k\u00f6nnen Sie Ihren Besuch planen. Auf diese Weise k\u00f6nnen wir sicherstellen, dass wir f\u00fcr Sie da sind! [cf7form cf7key=&#8220;messe&#8220;]","og_url":"https:\/\/smarttexhub.com\/de\/elektronische-textilien-auf-der-techtextil-2024\/","og_site_name":"smart textiles hub","article_modified_time":"2024-12-18T09:04:49+00:00","twitter_card":"summary_large_image","schema":{"@context":"https:\/\/schema.org","@graph":[{"@type":"WebPage","@id":"https:\/\/smarttexhub.com\/de\/elektronische-textilien-auf-der-techtextil-2024\/","url":"https:\/\/smarttexhub.com\/de\/elektronische-textilien-auf-der-techtextil-2024\/","name":"Techtextil 2024 - smart textiles hub","isPartOf":{"@id":"https:\/\/smarttexhub.com\/de\/#website"},"datePublished":"2024-03-20T10:46:19+00:00","dateModified":"2024-12-18T09:04:49+00:00","breadcrumb":{"@id":"https:\/\/smarttexhub.com\/de\/elektronische-textilien-auf-der-techtextil-2024\/#breadcrumb"},"inLanguage":"de","potentialAction":[{"@type":"ReadAction","target":["https:\/\/smarttexhub.com\/de\/elektronische-textilien-auf-der-techtextil-2024\/"]}]},{"@type":"BreadcrumbList","@id":"https:\/\/smarttexhub.com\/de\/elektronische-textilien-auf-der-techtextil-2024\/#breadcrumb","itemListElement":[{"@type":"ListItem","position":1,"name":"Startseite","item":"https:\/\/smarttexhub.com\/de\/"},{"@type":"ListItem","position":2,"name":"Techtextil 2024"}]},{"@type":"WebSite","@id":"https:\/\/smarttexhub.com\/de\/#website","url":"https:\/\/smarttexhub.com\/de\/","name":"smart textiles hub","description":"Developing textile intelligence","publisher":{"@id":"https:\/\/smarttexhub.com\/de\/#organization"},"potentialAction":[{"@type":"SearchAction","target":{"@type":"EntryPoint","urlTemplate":"https:\/\/smarttexhub.com\/de\/?s={search_term_string}"},"query-input":{"@type":"PropertyValueSpecification","valueRequired":true,"valueName":"search_term_string"}}],"inLanguage":"de"},{"@type":"Organization","@id":"https:\/\/smarttexhub.com\/de\/#organization","name":"smart textiles hub","url":"https:\/\/smarttexhub.com\/de\/","logo":{"@type":"ImageObject","inLanguage":"de","@id":"https:\/\/smarttexhub.com\/de\/#\/schema\/logo\/image\/","url":"https:\/\/smarttexhub.com\/wp-content\/uploads\/2024\/01\/sth-signet.svg","contentUrl":"https:\/\/smarttexhub.com\/wp-content\/uploads\/2024\/01\/sth-signet.svg","width":130,"height":70,"caption":"smart textiles hub"},"image":{"@id":"https:\/\/smarttexhub.com\/de\/#\/schema\/logo\/image\/"}}]}},"_links":{"self":[{"href":"https:\/\/smarttexhub.com\/de\/wp-json\/wp\/v2\/pages\/2911","targetHints":{"allow":["GET"]}}],"collection":[{"href":"https:\/\/smarttexhub.com\/de\/wp-json\/wp\/v2\/pages"}],"about":[{"href":"https:\/\/smarttexhub.com\/de\/wp-json\/wp\/v2\/types\/page"}],"author":[{"embeddable":true,"href":"https:\/\/smarttexhub.com\/de\/wp-json\/wp\/v2\/users\/5"}],"replies":[{"embeddable":true,"href":"https:\/\/smarttexhub.com\/de\/wp-json\/wp\/v2\/comments?post=2911"}],"version-history":[{"count":0,"href":"https:\/\/smarttexhub.com\/de\/wp-json\/wp\/v2\/pages\/2911\/revisions"}],"wp:attachment":[{"href":"https:\/\/smarttexhub.com\/de\/wp-json\/wp\/v2\/media?parent=2911"}],"curies":[{"name":"wp","href":"https:\/\/api.w.org\/{rel}","templated":true}]}}