{"id":2793,"date":"2024-01-04T17:47:02","date_gmt":"2024-01-04T16:47:02","guid":{"rendered":"https:\/\/smarttexhub.com\/karriere\/"},"modified":"2024-12-18T09:47:48","modified_gmt":"2024-12-18T08:47:48","slug":"jobs-textile-intelligenz-dresden","status":"publish","type":"page","link":"https:\/\/smarttexhub.com\/de\/jobs-textile-intelligenz-dresden\/","title":{"rendered":"Karriere"},"content":{"rendered":"\t\t<div data-elementor-type=\"wp-page\" data-elementor-id=\"2793\" class=\"elementor elementor-2793 elementor-44\" data-elementor-post-type=\"page\">\n\t\t\t\t<div class=\"elementor-element elementor-element-190c570 e-con-full e-flex e-con e-parent\" data-id=\"190c570\" data-element_type=\"container\" data-e-type=\"container\">\n\t\t<div class=\"elementor-element elementor-element-915c71e e-con-full e-flex e-con e-child\" data-id=\"915c71e\" data-element_type=\"container\" data-e-type=\"container\" data-settings=\"{&quot;background_background&quot;:&quot;classic&quot;,&quot;motion_fx_motion_fx_scrolling&quot;:&quot;yes&quot;,&quot;motion_fx_translateX_effect&quot;:&quot;yes&quot;,&quot;motion_fx_translateX_speed&quot;:{&quot;unit&quot;:&quot;px&quot;,&quot;size&quot;:1,&quot;sizes&quot;:[]},&quot;motion_fx_devices&quot;:[&quot;desktop&quot;,&quot;tablet&quot;],&quot;motion_fx_translateX_affectedRange&quot;:{&quot;unit&quot;:&quot;%&quot;,&quot;size&quot;:&quot;&quot;,&quot;sizes&quot;:{&quot;start&quot;:0,&quot;end&quot;:100}}}\">\n\t\t<div class=\"elementor-element elementor-element-8db2a40 e-con-full e-flex e-con e-child\" data-id=\"8db2a40\" data-element_type=\"container\" data-e-type=\"container\" data-settings=\"{&quot;background_background&quot;:&quot;classic&quot;}\">\n\t\t\t\t<\/div>\n\t\t<div class=\"elementor-element elementor-element-ba4dcb4 e-flex e-con-boxed e-con e-child\" data-id=\"ba4dcb4\" data-element_type=\"container\" data-e-type=\"container\">\n\t\t\t\t\t<div class=\"e-con-inner\">\n\t\t\t\t<div class=\"elementor-element elementor-element-30b17e0 elementor-widget elementor-widget-heading\" data-id=\"30b17e0\" data-element_type=\"widget\" data-e-type=\"widget\" data-widget_type=\"heading.default\">\n\t\t\t\t<div class=\"elementor-widget-container\">\n\t\t\t\t\t<h2 class=\"elementor-heading-title elementor-size-default\">Karriere<\/h2>\t\t\t\t<\/div>\n\t\t\t\t<\/div>\n\t\t\t\t<div class=\"elementor-element elementor-element-715a89f elementor-widget elementor-widget-heading\" data-id=\"715a89f\" data-element_type=\"widget\" data-e-type=\"widget\" data-widget_type=\"heading.default\">\n\t\t\t\t<div class=\"elementor-widget-container\">\n\t\t\t\t\t<h2 class=\"elementor-heading-title elementor-size-default\">Werden Sie Teil unseres Teams<\/h2>\t\t\t\t<\/div>\n\t\t\t\t<\/div>\n\t\t\t\t\t<\/div>\n\t\t\t\t<\/div>\n\t\t\t\t<\/div>\n\t\t<div class=\"elementor-element elementor-element-f4ea716 e-con-full e-flex e-con e-child\" data-id=\"f4ea716\" data-element_type=\"container\" data-e-type=\"container\" data-settings=\"{&quot;background_background&quot;:&quot;classic&quot;}\">\n\t\t\t\t<\/div>\n\t\t\t\t<\/div>\n\t\t<div class=\"elementor-element elementor-element-e536dff e-flex e-con-boxed e-con e-parent\" data-id=\"e536dff\" data-element_type=\"container\" data-e-type=\"container\">\n\t\t\t\t\t<div class=\"e-con-inner\">\n\t\t\t\t<div class=\"elementor-element elementor-element-b1742ec elementor-widget elementor-widget-heading\" data-id=\"b1742ec\" data-element_type=\"widget\" data-e-type=\"widget\" data-settings=\"{&quot;motion_fx_motion_fx_scrolling&quot;:&quot;yes&quot;,&quot;motion_fx_opacity_effect&quot;:&quot;yes&quot;,&quot;motion_fx_opacity_range&quot;:{&quot;unit&quot;:&quot;%&quot;,&quot;size&quot;:&quot;&quot;,&quot;sizes&quot;:{&quot;start&quot;:10,&quot;end&quot;:30}},&quot;motion_fx_opacity_direction&quot;:&quot;out-in&quot;,&quot;motion_fx_opacity_level&quot;:{&quot;unit&quot;:&quot;px&quot;,&quot;size&quot;:10,&quot;sizes&quot;:[]},&quot;motion_fx_devices&quot;:[&quot;desktop&quot;,&quot;tablet&quot;,&quot;mobile&quot;]}\" data-widget_type=\"heading.default\">\n\t\t\t\t<div class=\"elementor-widget-container\">\n\t\t\t\t\t<h2 class=\"elementor-heading-title elementor-size-default\">Gestalten Sie die Zukunft der Textilien mit.<\/h2>\t\t\t\t<\/div>\n\t\t\t\t<\/div>\n\t\t\t\t<div class=\"elementor-element elementor-element-66bb9a6 elementor-widget__width-initial elementor-widget elementor-widget-heading\" data-id=\"66bb9a6\" data-element_type=\"widget\" data-e-type=\"widget\" data-settings=\"{&quot;motion_fx_motion_fx_scrolling&quot;:&quot;yes&quot;,&quot;motion_fx_opacity_effect&quot;:&quot;yes&quot;,&quot;motion_fx_opacity_range&quot;:{&quot;unit&quot;:&quot;%&quot;,&quot;size&quot;:&quot;&quot;,&quot;sizes&quot;:{&quot;start&quot;:10,&quot;end&quot;:30}},&quot;motion_fx_opacity_direction&quot;:&quot;out-in&quot;,&quot;motion_fx_opacity_level&quot;:{&quot;unit&quot;:&quot;px&quot;,&quot;size&quot;:10,&quot;sizes&quot;:[]},&quot;motion_fx_devices&quot;:[&quot;desktop&quot;,&quot;tablet&quot;,&quot;mobile&quot;]}\" data-widget_type=\"heading.default\">\n\t\t\t\t<div class=\"elementor-widget-container\">\n\t\t\t\t\t<h3 class=\"elementor-heading-title elementor-size-default\">Kommen Sie in unser Team und helfen Sie uns, die Textilindustrie zu revolutionieren. Arbeiten Sie mit uns zusammen, um innovative L\u00f6sungen zu entdecken und zu entwickeln, die intelligente Funktionen in das Kleidungsst\u00fcck integrieren. Beteiligen Sie sich an der Entwicklung bahnbrechender Fortschritte im Textilbereich.<\/h3>\t\t\t\t<\/div>\n\t\t\t\t<\/div>\n\t\t\t\t\t<\/div>\n\t\t\t\t<\/div>\n\t\t<div class=\"elementor-element elementor-element-1f5bf9f e-flex e-con-boxed e-con e-parent\" data-id=\"1f5bf9f\" data-element_type=\"container\" data-e-type=\"container\">\n\t\t\t\t\t<div class=\"e-con-inner\">\n\t\t<div class=\"elementor-element elementor-element-ebe6a2c e-flex e-con-boxed e-con e-child\" data-id=\"ebe6a2c\" data-element_type=\"container\" data-e-type=\"container\" data-settings=\"{&quot;motion_fx_motion_fx_scrolling&quot;:&quot;yes&quot;,&quot;motion_fx_translateY_effect&quot;:&quot;yes&quot;,&quot;motion_fx_translateY_affectedRange&quot;:{&quot;unit&quot;:&quot;%&quot;,&quot;size&quot;:&quot;&quot;,&quot;sizes&quot;:{&quot;start&quot;:0,&quot;end&quot;:50}},&quot;motion_fx_opacity_effect&quot;:&quot;yes&quot;,&quot;motion_fx_opacity_range&quot;:{&quot;unit&quot;:&quot;%&quot;,&quot;size&quot;:&quot;&quot;,&quot;sizes&quot;:{&quot;start&quot;:30,&quot;end&quot;:50}},&quot;motion_fx_translateY_speed&quot;:{&quot;unit&quot;:&quot;px&quot;,&quot;size&quot;:4,&quot;sizes&quot;:[]},&quot;motion_fx_opacity_direction&quot;:&quot;out-in&quot;,&quot;motion_fx_opacity_level&quot;:{&quot;unit&quot;:&quot;px&quot;,&quot;size&quot;:10,&quot;sizes&quot;:[]},&quot;motion_fx_devices&quot;:[&quot;desktop&quot;,&quot;tablet&quot;,&quot;mobile&quot;]}\">\n\t\t\t\t\t<div class=\"e-con-inner\">\n\t\t<div class=\"elementor-element elementor-element-350d8a7 e-con-full e-flex e-con e-child\" data-id=\"350d8a7\" data-element_type=\"container\" data-e-type=\"container\" data-settings=\"{&quot;background_background&quot;:&quot;classic&quot;}\">\n\t\t<div class=\"elementor-element elementor-element-de07108 e-flex e-con-boxed e-con e-child\" data-id=\"de07108\" data-element_type=\"container\" data-e-type=\"container\">\n\t\t\t\t\t<div class=\"e-con-inner\">\n\t\t\t\t<div class=\"elementor-element elementor-element-b497dc3 elementor-widget elementor-widget-heading\" data-id=\"b497dc3\" data-element_type=\"widget\" data-e-type=\"widget\" data-widget_type=\"heading.default\">\n\t\t\t\t<div class=\"elementor-widget-container\">\n\t\t\t\t\t<h2 class=\"elementor-heading-title elementor-size-default\">Initiativbewerbung<\/h2>\t\t\t\t<\/div>\n\t\t\t\t<\/div>\n\t\t\t\t<div class=\"elementor-element elementor-element-1c037b7 elementor-widget elementor-widget-heading\" data-id=\"1c037b7\" data-element_type=\"widget\" data-e-type=\"widget\" data-widget_type=\"heading.default\">\n\t\t\t\t<div class=\"elementor-widget-container\">\n\t\t\t\t\t<h3 class=\"elementor-heading-title elementor-size-default\">Gestalten Sie mit uns die Zukunft der Textilien<\/h3>\t\t\t\t<\/div>\n\t\t\t\t<\/div>\n\t\t\t\t\t<\/div>\n\t\t\t\t<\/div>\n\t\t\t\t<div class=\"elementor-element elementor-element-65c2166 elementor-widget elementor-widget-spacer\" data-id=\"65c2166\" data-element_type=\"widget\" data-e-type=\"widget\" data-widget_type=\"spacer.default\">\n\t\t\t\t<div class=\"elementor-widget-container\">\n\t\t\t\t\t\t\t<div class=\"elementor-spacer\">\n\t\t\t<div class=\"elementor-spacer-inner\"><\/div>\n\t\t<\/div>\n\t\t\t\t\t\t<\/div>\n\t\t\t\t<\/div>\n\t\t\t\t<div class=\"elementor-element elementor-element-d5f1afc elementor-widget__width-initial elementor-widget elementor-widget-text-editor\" data-id=\"d5f1afc\" data-element_type=\"widget\" data-e-type=\"widget\" data-widget_type=\"text-editor.default\">\n\t\t\t\t<div class=\"elementor-widget-container\">\n\t\t\t\t\t\t\t\t\t<p>Derzeit haben wir keine Vollzeitstellen ausgeschrieben. Wir freuen uns jedoch \u00fcber Initiativbewerbungen. Wenn Sie der Meinung sind, dass Sie eine wertvolle Erg\u00e4nzung f\u00fcr unser Team sind und einen wichtigen Beitrag zur Zukunft der Textilbranche leisten m\u00f6chten, dann z\u00f6gern Sie nicht und senden Sie uns Ihre Bewerbungsunterlagen. Wir freuen uns darauf, von Ihnen zu h\u00f6ren.<\/p>\n\t\t\t\t\t\t\t\t<\/div>\n\t\t\t\t<\/div>\n\t\t\t\t<\/div>\n\t\t<div class=\"elementor-element elementor-element-bf25c4d e-con-full e-flex e-con e-child\" data-id=\"bf25c4d\" data-element_type=\"container\" data-e-type=\"container\" data-settings=\"{&quot;background_background&quot;:&quot;classic&quot;}\">\n\t\t\t\t<\/div>\n\t\t\t\t\t<\/div>\n\t\t\t\t<\/div>\n\t\t<div class=\"elementor-element elementor-element-0ddb731 e-flex e-con-boxed e-con e-child\" data-id=\"0ddb731\" data-element_type=\"container\" data-e-type=\"container\" data-settings=\"{&quot;motion_fx_motion_fx_scrolling&quot;:&quot;yes&quot;,&quot;motion_fx_translateY_effect&quot;:&quot;yes&quot;,&quot;motion_fx_translateY_affectedRange&quot;:{&quot;unit&quot;:&quot;%&quot;,&quot;size&quot;:&quot;&quot;,&quot;sizes&quot;:{&quot;start&quot;:0,&quot;end&quot;:50}},&quot;motion_fx_opacity_effect&quot;:&quot;yes&quot;,&quot;motion_fx_opacity_range&quot;:{&quot;unit&quot;:&quot;%&quot;,&quot;size&quot;:&quot;&quot;,&quot;sizes&quot;:{&quot;start&quot;:30,&quot;end&quot;:50}},&quot;motion_fx_translateY_speed&quot;:{&quot;unit&quot;:&quot;px&quot;,&quot;size&quot;:4,&quot;sizes&quot;:[]},&quot;motion_fx_opacity_direction&quot;:&quot;out-in&quot;,&quot;motion_fx_opacity_level&quot;:{&quot;unit&quot;:&quot;px&quot;,&quot;size&quot;:10,&quot;sizes&quot;:[]},&quot;motion_fx_devices&quot;:[&quot;desktop&quot;,&quot;tablet&quot;,&quot;mobile&quot;]}\">\n\t\t\t\t\t<div class=\"e-con-inner\">\n\t\t<div class=\"elementor-element elementor-element-21d6a26 e-con-full e-flex e-con e-child\" data-id=\"21d6a26\" data-element_type=\"container\" data-e-type=\"container\" data-settings=\"{&quot;background_background&quot;:&quot;classic&quot;}\">\n\t\t\t\t<\/div>\n\t\t<div class=\"elementor-element elementor-element-f8a4f1a e-con-full e-flex e-con e-child\" data-id=\"f8a4f1a\" data-element_type=\"container\" data-e-type=\"container\" data-settings=\"{&quot;background_background&quot;:&quot;classic&quot;}\">\n\t\t<div class=\"elementor-element elementor-element-06d6cdb e-flex e-con-boxed e-con e-child\" data-id=\"06d6cdb\" data-element_type=\"container\" data-e-type=\"container\">\n\t\t\t\t\t<div class=\"e-con-inner\">\n\t\t\t\t<div class=\"elementor-element elementor-element-732e551 elementor-widget elementor-widget-heading\" data-id=\"732e551\" data-element_type=\"widget\" data-e-type=\"widget\" data-widget_type=\"heading.default\">\n\t\t\t\t<div class=\"elementor-widget-container\">\n\t\t\t\t\t<h2 class=\"elementor-heading-title elementor-size-default\">Angebote f\u00fcr Studierende<\/h2>\t\t\t\t<\/div>\n\t\t\t\t<\/div>\n\t\t\t\t<div class=\"elementor-element elementor-element-cf3a9d7 elementor-widget elementor-widget-heading\" data-id=\"cf3a9d7\" data-element_type=\"widget\" data-e-type=\"widget\" data-widget_type=\"heading.default\">\n\t\t\t\t<div class=\"elementor-widget-container\">\n\t\t\t\t\t<h3 class=\"elementor-heading-title elementor-size-default\">Dein Einstieg in die Textilwelt<\/h3>\t\t\t\t<\/div>\n\t\t\t\t<\/div>\n\t\t\t\t\t<\/div>\n\t\t\t\t<\/div>\n\t\t\t\t<div class=\"elementor-element elementor-element-1547b95 elementor-widget elementor-widget-spacer\" data-id=\"1547b95\" data-element_type=\"widget\" data-e-type=\"widget\" data-widget_type=\"spacer.default\">\n\t\t\t\t<div class=\"elementor-widget-container\">\n\t\t\t\t\t\t\t<div class=\"elementor-spacer\">\n\t\t\t<div class=\"elementor-spacer-inner\"><\/div>\n\t\t<\/div>\n\t\t\t\t\t\t<\/div>\n\t\t\t\t<\/div>\n\t\t\t\t<div class=\"elementor-element elementor-element-41ace93 elementor-widget__width-initial elementor-widget elementor-widget-text-editor\" data-id=\"41ace93\" data-element_type=\"widget\" data-e-type=\"widget\" data-widget_type=\"text-editor.default\">\n\t\t\t\t<div class=\"elementor-widget-container\">\n\t\t\t\t\t\t\t\t\t<p>Du studierst Textildesign, Textiltechnik, Elektrotechnik, Industrie-\/Produktdesign oder eine verwandte Fachrichtung? M\u00f6chten du dein Wissen erweitern und fortschrittliche Textiltechnologie erforschen? Wir bieten Praktika und die M\u00f6glichkeit, Abschlussarbeiten zu schreiben. Bitte sende uns deine Bewerbungsunterlagen. Wir freuen uns darauf, von Ihnen zu h\u00f6ren.<\/p>\n\t\t\t\t\t\t\t\t<\/div>\n\t\t\t\t<\/div>\n\t\t\t\t<\/div>\n\t\t\t\t\t<\/div>\n\t\t\t\t<\/div>\n\t\t\t\t\t<\/div>\n\t\t\t\t<\/div>\n\t\t<div class=\"elementor-element elementor-element-34102a61 e-flex e-con-boxed e-con e-parent\" data-id=\"34102a61\" data-element_type=\"container\" data-e-type=\"container\">\n\t\t\t\t\t<div class=\"e-con-inner\">\n\t\t\t\t<div class=\"elementor-element elementor-element-1b378ea8 elementor-widget__width-initial elementor-widget-mobile__width-inherit elementor-widget elementor-widget-heading\" data-id=\"1b378ea8\" data-element_type=\"widget\" data-e-type=\"widget\" data-settings=\"{&quot;motion_fx_motion_fx_scrolling&quot;:&quot;yes&quot;,&quot;motion_fx_opacity_effect&quot;:&quot;yes&quot;,&quot;motion_fx_opacity_range&quot;:{&quot;unit&quot;:&quot;%&quot;,&quot;size&quot;:&quot;&quot;,&quot;sizes&quot;:{&quot;start&quot;:10,&quot;end&quot;:30}},&quot;motion_fx_opacity_direction&quot;:&quot;out-in&quot;,&quot;motion_fx_opacity_level&quot;:{&quot;unit&quot;:&quot;px&quot;,&quot;size&quot;:10,&quot;sizes&quot;:[]},&quot;motion_fx_devices&quot;:[&quot;desktop&quot;,&quot;tablet&quot;,&quot;mobile&quot;]}\" data-widget_type=\"heading.default\">\n\t\t\t\t<div class=\"elementor-widget-container\">\n\t\t\t\t\t<h2 class=\"elementor-heading-title elementor-size-default\">Senden Sie uns Ihre Bewerbung mit Lebenslauf, Portfolio und Referenzen per E-Mail.\n<\/h2>\t\t\t\t<\/div>\n\t\t\t\t<\/div>\n\t\t\t\t<div class=\"elementor-element elementor-element-69d36a7a elementor-widget__width-initial elementor-widget elementor-widget-ucaddon_gradient_button\" data-id=\"69d36a7a\" data-element_type=\"widget\" data-e-type=\"widget\" data-settings=\"{&quot;motion_fx_motion_fx_scrolling&quot;:&quot;yes&quot;,&quot;motion_fx_opacity_effect&quot;:&quot;yes&quot;,&quot;motion_fx_opacity_range&quot;:{&quot;unit&quot;:&quot;%&quot;,&quot;size&quot;:&quot;&quot;,&quot;sizes&quot;:{&quot;start&quot;:10,&quot;end&quot;:30}},&quot;motion_fx_opacity_direction&quot;:&quot;out-in&quot;,&quot;motion_fx_opacity_level&quot;:{&quot;unit&quot;:&quot;px&quot;,&quot;size&quot;:10,&quot;sizes&quot;:[]},&quot;motion_fx_devices&quot;:[&quot;desktop&quot;,&quot;tablet&quot;,&quot;mobile&quot;]}\" data-widget_type=\"ucaddon_gradient_button.default\">\n\t\t\t\t<div class=\"elementor-widget-container\">\n\t\t\t\t\t\n<!-- start Button mit Verlauf -->\n\n<div id=\"uc_gradient_button_elementor_69d36a7a\" class=\"gradient_button_warpper\">\n    <a href=\"mailto:career@smarttexhub.com\"  class=\"gradient_button\">\n      <span>Bewerbung\n        <div class=\"arrow-wrapper\">\n        <svg version=\"1.1\" xmlns=\"http:\/\/www.w3.org\/2000\/svg\" xmlns:xlink=\"http:\/\/www.w3.org\/1999\/xlink\" x=\"0px\" y=\"0px\"\n\t viewBox=\"0 0 15.7 12.4\">\n        <polygon points=\"9.4,0.1 8.7,0.8 13.5,5.7 0,5.7 0,6.7 13.5,6.7 8.7,11.5 9.4,12.2 15.4,6.2 \"\/>\n      <\/svg>\n        <\/div>\n      <\/span>\n    <\/a>\n<\/div>\n<!-- end Button mit Verlauf -->\t\t\t\t<\/div>\n\t\t\t\t<\/div>\n\t\t\t\t\t<\/div>\n\t\t\t\t<\/div>\n\t\t\t\t<\/div>\n\t\t","protected":false},"excerpt":{"rendered":"<p>Karriere Werden Sie Teil unseres Teams Gestalten Sie die Zukunft der Textilien mit. Kommen Sie in unser Team und helfen Sie uns, die Textilindustrie zu revolutionieren. Arbeiten Sie mit uns zusammen, um innovative L\u00f6sungen zu entdecken und zu entwickeln, die intelligente Funktionen in das Kleidungsst\u00fcck integrieren. Beteiligen Sie sich an der Entwicklung bahnbrechender Fortschritte im [&hellip;]<\/p>\n","protected":false},"author":1,"featured_media":0,"parent":0,"menu_order":49,"comment_status":"closed","ping_status":"closed","template":"","meta":{"footnotes":""},"class_list":["post-2793","page","type-page","status-publish","hentry"],"yoast_head":"<!-- This site is optimized with the Yoast SEO plugin v27.1.1 - https:\/\/yoast.com\/product\/yoast-seo-wordpress\/ -->\n<title>Jobs f\u00fcr die Entwicklung technischer Textilien in Deutschland<\/title>\n<meta name=\"description\" content=\"\u27a4 Stellenangebote bei Smart Textiles Hub \u27a4 Jobs f\u00fcr Design, Entwicklung &amp; Produktion von innovativen Textilien in Deutschland \u27a4 Technische Strickerei in Deutschland\" \/>\n<meta name=\"robots\" content=\"index, follow, max-snippet:-1, max-image-preview:large, max-video-preview:-1\" \/>\n<link rel=\"canonical\" href=\"https:\/\/smarttexhub.com\/de\/jobs-textile-intelligenz-dresden\/\" \/>\n<meta property=\"og:locale\" content=\"de_DE\" \/>\n<meta property=\"og:type\" content=\"article\" \/>\n<meta property=\"og:title\" content=\"Jobs f\u00fcr die Entwicklung technischer Textilien in Deutschland\" \/>\n<meta property=\"og:description\" content=\"\u27a4 Stellenangebote bei Smart Textiles Hub \u27a4 Jobs f\u00fcr Design, Entwicklung &amp; Produktion von innovativen Textilien in Deutschland \u27a4 Technische Strickerei in Deutschland\" \/>\n<meta property=\"og:url\" content=\"https:\/\/smarttexhub.com\/de\/jobs-textile-intelligenz-dresden\/\" \/>\n<meta property=\"og:site_name\" content=\"smart textiles hub\" \/>\n<meta property=\"article:modified_time\" content=\"2024-12-18T08:47:48+00:00\" \/>\n<meta name=\"twitter:card\" content=\"summary_large_image\" \/>\n<meta name=\"twitter:label1\" content=\"Gesch\u00e4tzte Lesezeit\" \/>\n\t<meta name=\"twitter:data1\" content=\"1\u00a0Minute\" \/>\n<script type=\"application\/ld+json\" class=\"yoast-schema-graph\">{\"@context\":\"https:\/\/schema.org\",\"@graph\":[{\"@type\":\"WebPage\",\"@id\":\"https:\/\/smarttexhub.com\/de\/jobs-textile-intelligenz-dresden\/\",\"url\":\"https:\/\/smarttexhub.com\/de\/jobs-textile-intelligenz-dresden\/\",\"name\":\"Jobs f\u00fcr die Entwicklung technischer Textilien in Deutschland\",\"isPartOf\":{\"@id\":\"https:\/\/smarttexhub.com\/de\/#website\"},\"datePublished\":\"2024-01-04T16:47:02+00:00\",\"dateModified\":\"2024-12-18T08:47:48+00:00\",\"description\":\"\u27a4 Stellenangebote bei Smart Textiles Hub \u27a4 Jobs f\u00fcr Design, Entwicklung & Produktion von innovativen Textilien in Deutschland \u27a4 Technische Strickerei in Deutschland\",\"breadcrumb\":{\"@id\":\"https:\/\/smarttexhub.com\/de\/jobs-textile-intelligenz-dresden\/#breadcrumb\"},\"inLanguage\":\"de\",\"potentialAction\":[{\"@type\":\"ReadAction\",\"target\":[\"https:\/\/smarttexhub.com\/de\/jobs-textile-intelligenz-dresden\/\"]}]},{\"@type\":\"BreadcrumbList\",\"@id\":\"https:\/\/smarttexhub.com\/de\/jobs-textile-intelligenz-dresden\/#breadcrumb\",\"itemListElement\":[{\"@type\":\"ListItem\",\"position\":1,\"name\":\"Startseite\",\"item\":\"https:\/\/smarttexhub.com\/de\/\"},{\"@type\":\"ListItem\",\"position\":2,\"name\":\"Karriere\"}]},{\"@type\":\"WebSite\",\"@id\":\"https:\/\/smarttexhub.com\/de\/#website\",\"url\":\"https:\/\/smarttexhub.com\/de\/\",\"name\":\"smart textiles hub\",\"description\":\"Developing textile intelligence\",\"publisher\":{\"@id\":\"https:\/\/smarttexhub.com\/de\/#organization\"},\"potentialAction\":[{\"@type\":\"SearchAction\",\"target\":{\"@type\":\"EntryPoint\",\"urlTemplate\":\"https:\/\/smarttexhub.com\/de\/?s={search_term_string}\"},\"query-input\":{\"@type\":\"PropertyValueSpecification\",\"valueRequired\":true,\"valueName\":\"search_term_string\"}}],\"inLanguage\":\"de\"},{\"@type\":\"Organization\",\"@id\":\"https:\/\/smarttexhub.com\/de\/#organization\",\"name\":\"smart textiles hub\",\"url\":\"https:\/\/smarttexhub.com\/de\/\",\"logo\":{\"@type\":\"ImageObject\",\"inLanguage\":\"de\",\"@id\":\"https:\/\/smarttexhub.com\/de\/#\/schema\/logo\/image\/\",\"url\":\"https:\/\/smarttexhub.com\/wp-content\/uploads\/2024\/01\/sth-signet.svg\",\"contentUrl\":\"https:\/\/smarttexhub.com\/wp-content\/uploads\/2024\/01\/sth-signet.svg\",\"width\":130,\"height\":70,\"caption\":\"smart textiles hub\"},\"image\":{\"@id\":\"https:\/\/smarttexhub.com\/de\/#\/schema\/logo\/image\/\"}}]}<\/script>\n<!-- \/ Yoast SEO plugin. -->","yoast_head_json":{"title":"Jobs f\u00fcr die Entwicklung technischer Textilien in Deutschland","description":"\u27a4 Stellenangebote bei Smart Textiles Hub \u27a4 Jobs f\u00fcr Design, Entwicklung & Produktion von innovativen Textilien in Deutschland \u27a4 Technische Strickerei in Deutschland","robots":{"index":"index","follow":"follow","max-snippet":"max-snippet:-1","max-image-preview":"max-image-preview:large","max-video-preview":"max-video-preview:-1"},"canonical":"https:\/\/smarttexhub.com\/de\/jobs-textile-intelligenz-dresden\/","og_locale":"de_DE","og_type":"article","og_title":"Jobs f\u00fcr die Entwicklung technischer Textilien in Deutschland","og_description":"\u27a4 Stellenangebote bei Smart Textiles Hub \u27a4 Jobs f\u00fcr Design, Entwicklung & Produktion von innovativen Textilien in Deutschland \u27a4 Technische Strickerei in Deutschland","og_url":"https:\/\/smarttexhub.com\/de\/jobs-textile-intelligenz-dresden\/","og_site_name":"smart textiles hub","article_modified_time":"2024-12-18T08:47:48+00:00","twitter_card":"summary_large_image","twitter_misc":{"Gesch\u00e4tzte Lesezeit":"1\u00a0Minute"},"schema":{"@context":"https:\/\/schema.org","@graph":[{"@type":"WebPage","@id":"https:\/\/smarttexhub.com\/de\/jobs-textile-intelligenz-dresden\/","url":"https:\/\/smarttexhub.com\/de\/jobs-textile-intelligenz-dresden\/","name":"Jobs f\u00fcr die Entwicklung technischer Textilien in Deutschland","isPartOf":{"@id":"https:\/\/smarttexhub.com\/de\/#website"},"datePublished":"2024-01-04T16:47:02+00:00","dateModified":"2024-12-18T08:47:48+00:00","description":"\u27a4 Stellenangebote bei Smart Textiles Hub \u27a4 Jobs f\u00fcr Design, Entwicklung & Produktion von innovativen Textilien in Deutschland \u27a4 Technische Strickerei in Deutschland","breadcrumb":{"@id":"https:\/\/smarttexhub.com\/de\/jobs-textile-intelligenz-dresden\/#breadcrumb"},"inLanguage":"de","potentialAction":[{"@type":"ReadAction","target":["https:\/\/smarttexhub.com\/de\/jobs-textile-intelligenz-dresden\/"]}]},{"@type":"BreadcrumbList","@id":"https:\/\/smarttexhub.com\/de\/jobs-textile-intelligenz-dresden\/#breadcrumb","itemListElement":[{"@type":"ListItem","position":1,"name":"Startseite","item":"https:\/\/smarttexhub.com\/de\/"},{"@type":"ListItem","position":2,"name":"Karriere"}]},{"@type":"WebSite","@id":"https:\/\/smarttexhub.com\/de\/#website","url":"https:\/\/smarttexhub.com\/de\/","name":"smart textiles hub","description":"Developing textile intelligence","publisher":{"@id":"https:\/\/smarttexhub.com\/de\/#organization"},"potentialAction":[{"@type":"SearchAction","target":{"@type":"EntryPoint","urlTemplate":"https:\/\/smarttexhub.com\/de\/?s={search_term_string}"},"query-input":{"@type":"PropertyValueSpecification","valueRequired":true,"valueName":"search_term_string"}}],"inLanguage":"de"},{"@type":"Organization","@id":"https:\/\/smarttexhub.com\/de\/#organization","name":"smart textiles hub","url":"https:\/\/smarttexhub.com\/de\/","logo":{"@type":"ImageObject","inLanguage":"de","@id":"https:\/\/smarttexhub.com\/de\/#\/schema\/logo\/image\/","url":"https:\/\/smarttexhub.com\/wp-content\/uploads\/2024\/01\/sth-signet.svg","contentUrl":"https:\/\/smarttexhub.com\/wp-content\/uploads\/2024\/01\/sth-signet.svg","width":130,"height":70,"caption":"smart textiles hub"},"image":{"@id":"https:\/\/smarttexhub.com\/de\/#\/schema\/logo\/image\/"}}]}},"_links":{"self":[{"href":"https:\/\/smarttexhub.com\/de\/wp-json\/wp\/v2\/pages\/2793","targetHints":{"allow":["GET"]}}],"collection":[{"href":"https:\/\/smarttexhub.com\/de\/wp-json\/wp\/v2\/pages"}],"about":[{"href":"https:\/\/smarttexhub.com\/de\/wp-json\/wp\/v2\/types\/page"}],"author":[{"embeddable":true,"href":"https:\/\/smarttexhub.com\/de\/wp-json\/wp\/v2\/users\/1"}],"replies":[{"embeddable":true,"href":"https:\/\/smarttexhub.com\/de\/wp-json\/wp\/v2\/comments?post=2793"}],"version-history":[{"count":0,"href":"https:\/\/smarttexhub.com\/de\/wp-json\/wp\/v2\/pages\/2793\/revisions"}],"wp:attachment":[{"href":"https:\/\/smarttexhub.com\/de\/wp-json\/wp\/v2\/media?parent=2793"}],"curies":[{"name":"wp","href":"https:\/\/api.w.org\/{rel}","templated":true}]}}