{"id":2764,"date":"2024-01-04T17:47:37","date_gmt":"2024-01-04T16:47:37","guid":{"rendered":"https:\/\/smarttexhub.com\/impressum\/"},"modified":"2024-12-18T09:48:54","modified_gmt":"2024-12-18T08:48:54","slug":"impressum-entwicklung-smarte-textilien","status":"publish","type":"page","link":"https:\/\/smarttexhub.com\/de\/impressum-entwicklung-smarte-textilien\/","title":{"rendered":"Impressum"},"content":{"rendered":"\t\t<div data-elementor-type=\"wp-page\" data-elementor-id=\"2764\" class=\"elementor elementor-2764 elementor-48\" data-elementor-post-type=\"page\">\n\t\t\t\t<div class=\"elementor-element elementor-element-e1883b9 e-flex e-con-boxed e-con e-parent\" data-id=\"e1883b9\" data-element_type=\"container\" data-e-type=\"container\">\n\t\t\t\t\t<div class=\"e-con-inner\">\n\t\t\t\t<div class=\"elementor-element elementor-element-df1d0ba elementor-widget elementor-widget-heading\" data-id=\"df1d0ba\" data-element_type=\"widget\" data-e-type=\"widget\" data-widget_type=\"heading.default\">\n\t\t\t\t<div class=\"elementor-widget-container\">\n\t\t\t\t\t<h2 class=\"elementor-heading-title elementor-size-default\">Impressum<\/h2>\t\t\t\t<\/div>\n\t\t\t\t<\/div>\n\t\t\t\t<div class=\"elementor-element elementor-element-84100c7 elementor-widget__width-initial elementor-widget elementor-widget-heading\" data-id=\"84100c7\" data-element_type=\"widget\" data-e-type=\"widget\" data-settings=\"{&quot;motion_fx_motion_fx_scrolling&quot;:&quot;yes&quot;,&quot;motion_fx_opacity_effect&quot;:&quot;yes&quot;,&quot;motion_fx_opacity_range&quot;:{&quot;unit&quot;:&quot;%&quot;,&quot;size&quot;:&quot;&quot;,&quot;sizes&quot;:{&quot;start&quot;:10,&quot;end&quot;:30}},&quot;motion_fx_opacity_direction&quot;:&quot;out-in&quot;,&quot;motion_fx_opacity_level&quot;:{&quot;unit&quot;:&quot;px&quot;,&quot;size&quot;:10,&quot;sizes&quot;:[]},&quot;motion_fx_devices&quot;:[&quot;desktop&quot;,&quot;tablet&quot;,&quot;mobile&quot;]}\" data-widget_type=\"heading.default\">\n\t\t\t\t<div class=\"elementor-widget-container\">\n\t\t\t\t\t<h3 class=\"elementor-heading-title elementor-size-default\">Angaben gem\u00e4\u00df Informationspflicht <\/br>gem\u00e4\u00df \u00a7 5 Telemediengesetz (TMG).<\/h3>\t\t\t\t<\/div>\n\t\t\t\t<\/div>\n\t\t\t\t\t<\/div>\n\t\t\t\t<\/div>\n\t\t<div class=\"elementor-element elementor-element-721d02f e-flex e-con-boxed e-con e-parent\" data-id=\"721d02f\" data-element_type=\"container\" data-e-type=\"container\">\n\t\t\t\t\t<div class=\"e-con-inner\">\n\t\t<div class=\"elementor-element elementor-element-3863474 e-con-full e-flex e-con e-child\" data-id=\"3863474\" data-element_type=\"container\" data-e-type=\"container\" data-settings=\"{&quot;background_background&quot;:&quot;classic&quot;}\">\n\t\t\t\t<div class=\"elementor-element elementor-element-63eff29 elementor-widget elementor-widget-heading\" data-id=\"63eff29\" data-element_type=\"widget\" data-e-type=\"widget\" data-widget_type=\"heading.default\">\n\t\t\t\t<div class=\"elementor-widget-container\">\n\t\t\t\t\t<p class=\"elementor-heading-title elementor-size-default\">Smart Textiles Hub GmbH<\/br>\nK\u00f6nigsbr\u00fccker Stra\u00dfe 96,<\/br>\n01099 Dresden,<\/br>\nDeutschland<\/br><\/p>\t\t\t\t<\/div>\n\t\t\t\t<\/div>\n\t\t\t\t<\/div>\n\t\t<div class=\"elementor-element elementor-element-0ecbfbf e-con-full e-flex e-con e-child\" data-id=\"0ecbfbf\" data-element_type=\"container\" data-e-type=\"container\" data-settings=\"{&quot;background_background&quot;:&quot;classic&quot;}\">\n\t\t\t\t<div class=\"elementor-element elementor-element-57906b9 elementor-widget elementor-widget-heading\" data-id=\"57906b9\" data-element_type=\"widget\" data-e-type=\"widget\" data-widget_type=\"heading.default\">\n\t\t\t\t<div class=\"elementor-widget-container\">\n\t\t\t\t\t<p class=\"elementor-heading-title elementor-size-default\">UID-Nummer: DE349904520<br>\nRegistrieren: Handelsregister<br>\nRegisternummer: HRB 42299<br>\nRegistergericht: Dresden<br><\/p>\t\t\t\t<\/div>\n\t\t\t\t<\/div>\n\t\t\t\t<\/div>\n\t\t<div class=\"elementor-element elementor-element-a536db7 e-con-full e-flex e-con e-child\" data-id=\"a536db7\" data-element_type=\"container\" data-e-type=\"container\" data-settings=\"{&quot;background_background&quot;:&quot;classic&quot;}\">\n\t\t\t\t<div class=\"elementor-element elementor-element-81c1cf3 elementor-widget elementor-widget-text-editor\" data-id=\"81c1cf3\" data-element_type=\"widget\" data-e-type=\"widget\" data-widget_type=\"text-editor.default\">\n\t\t\t\t<div class=\"elementor-widget-container\">\n\t\t\t\t\t\t\t\t\t<p>Gesch\u00e4ftsf\u00fchrer: Michael Schneider<\/p>\n<p>Telefon: +49 (0) 151 55 22 88 55<br \/>E-Mail: <a href=\"mailto:info@smarttexhub.com\">info@smarttexhub.com<\/a><\/p>\n\t\t\t\t\t\t\t\t<\/div>\n\t\t\t\t<\/div>\n\t\t\t\t<\/div>\n\t\t<div class=\"elementor-element elementor-element-488faf9 e-con-full e-flex e-con e-child\" data-id=\"488faf9\" data-element_type=\"container\" data-e-type=\"container\" data-settings=\"{&quot;background_background&quot;:&quot;classic&quot;}\">\n\t\t\t\t<div class=\"elementor-element elementor-element-a4521fe elementor-widget elementor-widget-text-editor\" data-id=\"a4521fe\" data-element_type=\"widget\" data-e-type=\"widget\" data-widget_type=\"text-editor.default\">\n\t\t\t\t<div class=\"elementor-widget-container\">\n\t\t\t\t\t\t\t\t\t<p><strong>Kontaktdaten des Verantwortlichen f\u00fcr Datenschutz<\/strong><br \/>Sollten Sie Fragen zum Datenschutz haben, finden Sie nachfolgend die Kontaktdaten der verantwortlichen Person bzw.. Stelle:<br \/>Anselm Naake, Smart Textiles Hub GmbH<br \/>K\u00f6nigsbr\u00fccker Stra\u00dfe 96, 01099 Dresden, Deutschland<br \/>E-Mail: <a href=\"mailto:info@smarttexhub.com\">info@smarttexhub.com<\/a><br \/>Telefon: +4915154222550<\/p>\n\t\t\t\t\t\t\t\t<\/div>\n\t\t\t\t<\/div>\n\t\t\t\t<\/div>\n\t\t\t\t<div class=\"elementor-element elementor-element-b2d72a6 elementor-widget elementor-widget-text-editor\" data-id=\"b2d72a6\" data-element_type=\"widget\" data-e-type=\"widget\" data-widget_type=\"text-editor.default\">\n\t\t\t\t<div class=\"elementor-widget-container\">\n\t\t\t\t\t\t\t\t\t<h4 id=\"eu-streitschlichtung\" class=\"adsimple-322048836 fusion-responsive-typography-calculated\" data-fontsize=\"24\" data-lineheight=\"36px\">EU-Streitschlichtung<\/h4>\n<p>Gem\u00e4\u00df Verordnung \u00fcber Online-Streitbeilegung in Verbraucherangelegenheiten (ODR-Verordnung) m\u00f6chten wir Sie \u00fcber die Online-Streitbeilegungsplattform (OS-Plattform) informieren.<br \/>Verbraucher haben die M\u00f6glichkeit, Beschwerden an die Online Streitbeilegungsplattform der Europ\u00e4ischen Kommission unter <a class=\"adsimple-322048836\" href=\"https:\/\/ec.europa.eu\/consumers\/odr\/main\/index.cfm?event=main.home2.show&amp;lng=DE\" target=\"_blank\" rel=\"follow noopener\">Link<\/a> zu richten. Die daf\u00fcr notwendigen Kontaktdaten finden Sie oberhalb in unserem Impressum.<\/p>\n<p>Wir m\u00f6chten Sie jedoch darauf hinweisen, dass wir nicht bereit oder verpflichtet sind, an Streitbeilegungsverfahren vor einer Verbraucherschlichtungsstelle teilzunehmen.<\/p>\n<h4 data-fontsize=\"24\" data-lineheight=\"36px\"> <\/h4>\n<h4 id=\"haftung-fuer-inhalte-dieser-webseite\" class=\"adsimple-322048836 fusion-responsive-typography-calculated\" data-fontsize=\"24\" data-lineheight=\"36px\">Haftung f\u00fcr Inhalte dieser Website<\/h4>\n<p>Wir entwickeln die Inhalte dieser Website st\u00e4ndig weiter und bem\u00fchen uns korrekte und aktuelle Informationen bereitzustellen. Leider k\u00f6nnen wir keine Haftung f\u00fcr die Korrektheit aller Inhalte auf dieser Website \u00fcbernehmen, speziell f\u00fcr jene, die seitens Dritter bereitgestellt wurden. Als Diensteanbieter sind wir nicht verpflichtet, die von Ihnen \u00fcbermittelten oder gespeicherten Informationen zu \u00fcberwachen oder nach Umst\u00e4nden zu forschen, die auf eine rechtswidrige T\u00e4tigkeit hinweisen.<\/p>\n<p>Unsere Verpflichtungen zur Entfernung von Informationen oder zur Sperrung der Nutzung von Informationen nach den allgemeinen Gesetzen aufgrund von gerichtlichen oder beh\u00f6rdlichen Anordnungen bleiben auch im Falle unserer Nichtverantwortlichkeit davon unber\u00fchrt.<\/p>\n<p>Sollten Ihnen problematische oder rechtswidrige Inhalte auffallen, bitten wir Sie uns umgehend zu kontaktieren, damit wir die rechtswidrigen Inhalte entfernen k\u00f6nnen. Sie finden die Kontaktdaten im Impressum.<\/p>\n<h4 data-fontsize=\"24\" data-lineheight=\"36px\"> <\/h4>\n<h4 id=\"haftung-links-webseite\" class=\"adsimple-322048836 fusion-responsive-typography-calculated\" data-fontsize=\"24\" data-lineheight=\"36px\">Haftung f\u00fcr Links auf dieser Website<\/h4>\n<p>Unsere Website enth\u00e4lt Links zu anderen Websites f\u00fcr deren Inhalt wir nicht verantwortlich sind. Haftung f\u00fcr verlinkte Websites besteht f\u00fcr uns nicht, da wir keine Kenntnis rechtswidriger T\u00e4tigkeiten hatten und haben, uns solche Rechtswidrigkeiten auch bisher nicht aufgefallen sind und wir Links sofort entfernen w\u00fcrden, wenn uns Rechtswidrigkeiten bekannt werden.<\/p>\n<p>Wenn Ihnen rechtswidrige Links auf unserer Website auffallen, bitten wir Sie uns zu kontaktieren. Sie finden die Kontaktdaten im Impressum.<\/p>\n<h4 data-fontsize=\"24\" data-lineheight=\"36px\"> <\/h4>\n<h4 id=\"urheberrechtshinweis\" class=\"adsimple-322048836 fusion-responsive-typography-calculated\" data-fontsize=\"24\" data-lineheight=\"36px\">Urheberrechtshinweis<\/h4>\n<p>Alle Inhalte dieser Webseite (Bilder, Fotos, Texte, Videos) unterliegen dem Urheberrecht. Bitte fragen Sie uns bevor Sie die Inhalte dieser Website verbreiten, vervielf\u00e4ltigen oder verwerten wie zum Beispiel auf anderen Websites erneut ver\u00f6ffentlichen. Falls notwendig, werden wir die unerlaubte Nutzung von Teilen der Inhalte unserer Seite rechtlich verfolgen.<\/p>\n<p>Sollten Sie auf dieser Webseite Inhalte finden, die das Urheberrecht verletzen, bitten wir Sie uns zu kontaktieren.<\/p>\n<h4 data-fontsize=\"24\" data-lineheight=\"36px\"> <\/h4>\n<h4 id=\"bildernachweis\" class=\"adsimple-322048836 fusion-responsive-typography-calculated\" data-fontsize=\"24\" data-lineheight=\"36px\">Bildernachweis<\/h4>\n<p><a href=\"https:\/\/www.art-arminum.de\" target=\"_blank\" rel=\"noopener\">ART ARMINUM GmbH<\/a><\/p>\n<p>Die Bilder, Fotos und Grafiken auf dieser Webseite sind urheberrechtlich gesch\u00fctzt.<\/p>\n<p>Alle Texte sind urheberrechtlich gesch\u00fctzt.<\/p>\n<p>Quelle: Erstellt mit dem <a title=\"Impressum Generator von AdSimple f\u00fcr Deutschland\" href=\"https:\/\/www.adsimple.de\/impressum-generator\/\">Impressum Generator<\/a> von AdSimple<\/p>\n<h4 id=\"bildernachweis\" class=\"adsimple-322048836 fusion-responsive-typography-calculated\" data-fontsize=\"24\" data-lineheight=\"36px\">Konzeption und Strategische Beratung<\/h4>\n<p><a href=\"https:\/\/www.art-arminum.de\" target=\"_blank\" rel=\"noopener\">ART ARMINUM GmbH<\/a><\/p>\n\t\t\t\t\t\t\t\t<\/div>\n\t\t\t\t<\/div>\n\t\t\t\t\t<\/div>\n\t\t\t\t<\/div>\n\t\t\t\t<\/div>\n\t\t","protected":false},"excerpt":{"rendered":"<p>Impressum Angaben gem\u00e4\u00df Informationspflicht gem\u00e4\u00df \u00a7 5 Telemediengesetz (TMG). Smart Textiles Hub GmbH K\u00f6nigsbr\u00fccker Stra\u00dfe 96, 01099 Dresden, Deutschland UID-Nummer: DE349904520 Registrieren: Handelsregister Registernummer: HRB 42299 Registergericht: Dresden Gesch\u00e4ftsf\u00fchrer: Michael Schneider Telefon: +49 (0) 151 55 22 88 55E-Mail: info@smarttexhub.com Kontaktdaten des Verantwortlichen f\u00fcr DatenschutzSollten Sie Fragen zum Datenschutz haben, finden Sie nachfolgend die Kontaktdaten [&hellip;]<\/p>\n","protected":false},"author":1,"featured_media":0,"parent":0,"menu_order":98,"comment_status":"closed","ping_status":"closed","template":"","meta":{"footnotes":""},"class_list":["post-2764","page","type-page","status-publish","hentry"],"yoast_head":"<!-- This site is optimized with the Yoast SEO plugin v27.1.1 - https:\/\/yoast.com\/product\/yoast-seo-wordpress\/ -->\n<title>Impressum von Smart Textiles Hub - E-Textiles aus Deutschland<\/title>\n<meta name=\"description\" content=\"\u27a4 Impressum von Smart Textile Hub \u27a4 Entwickler &amp; Produzent von Smart- &amp; E-Textiles \u27a4 Entwicklungsleistung in Dresden \/ Sachsen \u27a4 Produktion zu 100% in Deutschland\" \/>\n<meta name=\"robots\" content=\"index, follow, max-snippet:-1, max-image-preview:large, max-video-preview:-1\" \/>\n<link rel=\"canonical\" href=\"https:\/\/smarttexhub.com\/de\/impressum-entwicklung-smarte-textilien\/\" \/>\n<meta property=\"og:locale\" content=\"de_DE\" \/>\n<meta property=\"og:type\" content=\"article\" \/>\n<meta property=\"og:title\" content=\"Impressum von Smart Textiles Hub - E-Textiles aus Deutschland\" \/>\n<meta property=\"og:description\" content=\"\u27a4 Impressum von Smart Textile Hub \u27a4 Entwickler &amp; Produzent von Smart- &amp; E-Textiles \u27a4 Entwicklungsleistung in Dresden \/ Sachsen \u27a4 Produktion zu 100% in Deutschland\" \/>\n<meta property=\"og:url\" content=\"https:\/\/smarttexhub.com\/de\/impressum-entwicklung-smarte-textilien\/\" \/>\n<meta property=\"og:site_name\" content=\"smart textiles hub\" \/>\n<meta property=\"article:modified_time\" content=\"2024-12-18T08:48:54+00:00\" \/>\n<meta name=\"twitter:card\" content=\"summary_large_image\" \/>\n<meta name=\"twitter:label1\" content=\"Gesch\u00e4tzte Lesezeit\" \/>\n\t<meta name=\"twitter:data1\" content=\"2\u00a0Minuten\" \/>\n<script type=\"application\/ld+json\" class=\"yoast-schema-graph\">{\"@context\":\"https:\/\/schema.org\",\"@graph\":[{\"@type\":\"WebPage\",\"@id\":\"https:\/\/smarttexhub.com\/de\/impressum-entwicklung-smarte-textilien\/\",\"url\":\"https:\/\/smarttexhub.com\/de\/impressum-entwicklung-smarte-textilien\/\",\"name\":\"Impressum von Smart Textiles Hub - E-Textiles aus Deutschland\",\"isPartOf\":{\"@id\":\"https:\/\/smarttexhub.com\/de\/#website\"},\"datePublished\":\"2024-01-04T16:47:37+00:00\",\"dateModified\":\"2024-12-18T08:48:54+00:00\",\"description\":\"\u27a4 Impressum von Smart Textile Hub \u27a4 Entwickler & Produzent von Smart- & E-Textiles \u27a4 Entwicklungsleistung in Dresden \/ Sachsen \u27a4 Produktion zu 100% in Deutschland\",\"breadcrumb\":{\"@id\":\"https:\/\/smarttexhub.com\/de\/impressum-entwicklung-smarte-textilien\/#breadcrumb\"},\"inLanguage\":\"de\",\"potentialAction\":[{\"@type\":\"ReadAction\",\"target\":[\"https:\/\/smarttexhub.com\/de\/impressum-entwicklung-smarte-textilien\/\"]}]},{\"@type\":\"BreadcrumbList\",\"@id\":\"https:\/\/smarttexhub.com\/de\/impressum-entwicklung-smarte-textilien\/#breadcrumb\",\"itemListElement\":[{\"@type\":\"ListItem\",\"position\":1,\"name\":\"Startseite\",\"item\":\"https:\/\/smarttexhub.com\/de\/\"},{\"@type\":\"ListItem\",\"position\":2,\"name\":\"Impressum\"}]},{\"@type\":\"WebSite\",\"@id\":\"https:\/\/smarttexhub.com\/de\/#website\",\"url\":\"https:\/\/smarttexhub.com\/de\/\",\"name\":\"smart textiles hub\",\"description\":\"Developing textile intelligence\",\"publisher\":{\"@id\":\"https:\/\/smarttexhub.com\/de\/#organization\"},\"potentialAction\":[{\"@type\":\"SearchAction\",\"target\":{\"@type\":\"EntryPoint\",\"urlTemplate\":\"https:\/\/smarttexhub.com\/de\/?s={search_term_string}\"},\"query-input\":{\"@type\":\"PropertyValueSpecification\",\"valueRequired\":true,\"valueName\":\"search_term_string\"}}],\"inLanguage\":\"de\"},{\"@type\":\"Organization\",\"@id\":\"https:\/\/smarttexhub.com\/de\/#organization\",\"name\":\"smart textiles hub\",\"url\":\"https:\/\/smarttexhub.com\/de\/\",\"logo\":{\"@type\":\"ImageObject\",\"inLanguage\":\"de\",\"@id\":\"https:\/\/smarttexhub.com\/de\/#\/schema\/logo\/image\/\",\"url\":\"https:\/\/smarttexhub.com\/wp-content\/uploads\/2024\/01\/sth-signet.svg\",\"contentUrl\":\"https:\/\/smarttexhub.com\/wp-content\/uploads\/2024\/01\/sth-signet.svg\",\"width\":130,\"height\":70,\"caption\":\"smart textiles hub\"},\"image\":{\"@id\":\"https:\/\/smarttexhub.com\/de\/#\/schema\/logo\/image\/\"}}]}<\/script>\n<!-- \/ Yoast SEO plugin. -->","yoast_head_json":{"title":"Impressum von Smart Textiles Hub - E-Textiles aus Deutschland","description":"\u27a4 Impressum von Smart Textile Hub \u27a4 Entwickler & Produzent von Smart- & E-Textiles \u27a4 Entwicklungsleistung in Dresden \/ Sachsen \u27a4 Produktion zu 100% in Deutschland","robots":{"index":"index","follow":"follow","max-snippet":"max-snippet:-1","max-image-preview":"max-image-preview:large","max-video-preview":"max-video-preview:-1"},"canonical":"https:\/\/smarttexhub.com\/de\/impressum-entwicklung-smarte-textilien\/","og_locale":"de_DE","og_type":"article","og_title":"Impressum von Smart Textiles Hub - E-Textiles aus Deutschland","og_description":"\u27a4 Impressum von Smart Textile Hub \u27a4 Entwickler & Produzent von Smart- & E-Textiles \u27a4 Entwicklungsleistung in Dresden \/ Sachsen \u27a4 Produktion zu 100% in Deutschland","og_url":"https:\/\/smarttexhub.com\/de\/impressum-entwicklung-smarte-textilien\/","og_site_name":"smart textiles hub","article_modified_time":"2024-12-18T08:48:54+00:00","twitter_card":"summary_large_image","twitter_misc":{"Gesch\u00e4tzte Lesezeit":"2\u00a0Minuten"},"schema":{"@context":"https:\/\/schema.org","@graph":[{"@type":"WebPage","@id":"https:\/\/smarttexhub.com\/de\/impressum-entwicklung-smarte-textilien\/","url":"https:\/\/smarttexhub.com\/de\/impressum-entwicklung-smarte-textilien\/","name":"Impressum von Smart Textiles Hub - E-Textiles aus Deutschland","isPartOf":{"@id":"https:\/\/smarttexhub.com\/de\/#website"},"datePublished":"2024-01-04T16:47:37+00:00","dateModified":"2024-12-18T08:48:54+00:00","description":"\u27a4 Impressum von Smart Textile Hub \u27a4 Entwickler & Produzent von Smart- & E-Textiles \u27a4 Entwicklungsleistung in Dresden \/ Sachsen \u27a4 Produktion zu 100% in Deutschland","breadcrumb":{"@id":"https:\/\/smarttexhub.com\/de\/impressum-entwicklung-smarte-textilien\/#breadcrumb"},"inLanguage":"de","potentialAction":[{"@type":"ReadAction","target":["https:\/\/smarttexhub.com\/de\/impressum-entwicklung-smarte-textilien\/"]}]},{"@type":"BreadcrumbList","@id":"https:\/\/smarttexhub.com\/de\/impressum-entwicklung-smarte-textilien\/#breadcrumb","itemListElement":[{"@type":"ListItem","position":1,"name":"Startseite","item":"https:\/\/smarttexhub.com\/de\/"},{"@type":"ListItem","position":2,"name":"Impressum"}]},{"@type":"WebSite","@id":"https:\/\/smarttexhub.com\/de\/#website","url":"https:\/\/smarttexhub.com\/de\/","name":"smart textiles hub","description":"Developing textile intelligence","publisher":{"@id":"https:\/\/smarttexhub.com\/de\/#organization"},"potentialAction":[{"@type":"SearchAction","target":{"@type":"EntryPoint","urlTemplate":"https:\/\/smarttexhub.com\/de\/?s={search_term_string}"},"query-input":{"@type":"PropertyValueSpecification","valueRequired":true,"valueName":"search_term_string"}}],"inLanguage":"de"},{"@type":"Organization","@id":"https:\/\/smarttexhub.com\/de\/#organization","name":"smart textiles hub","url":"https:\/\/smarttexhub.com\/de\/","logo":{"@type":"ImageObject","inLanguage":"de","@id":"https:\/\/smarttexhub.com\/de\/#\/schema\/logo\/image\/","url":"https:\/\/smarttexhub.com\/wp-content\/uploads\/2024\/01\/sth-signet.svg","contentUrl":"https:\/\/smarttexhub.com\/wp-content\/uploads\/2024\/01\/sth-signet.svg","width":130,"height":70,"caption":"smart textiles hub"},"image":{"@id":"https:\/\/smarttexhub.com\/de\/#\/schema\/logo\/image\/"}}]}},"_links":{"self":[{"href":"https:\/\/smarttexhub.com\/de\/wp-json\/wp\/v2\/pages\/2764","targetHints":{"allow":["GET"]}}],"collection":[{"href":"https:\/\/smarttexhub.com\/de\/wp-json\/wp\/v2\/pages"}],"about":[{"href":"https:\/\/smarttexhub.com\/de\/wp-json\/wp\/v2\/types\/page"}],"author":[{"embeddable":true,"href":"https:\/\/smarttexhub.com\/de\/wp-json\/wp\/v2\/users\/1"}],"replies":[{"embeddable":true,"href":"https:\/\/smarttexhub.com\/de\/wp-json\/wp\/v2\/comments?post=2764"}],"version-history":[{"count":0,"href":"https:\/\/smarttexhub.com\/de\/wp-json\/wp\/v2\/pages\/2764\/revisions"}],"wp:attachment":[{"href":"https:\/\/smarttexhub.com\/de\/wp-json\/wp\/v2\/media?parent=2764"}],"curies":[{"name":"wp","href":"https:\/\/api.w.org\/{rel}","templated":true}]}}